{"id":92939,"date":"2026-03-11T14:49:06","date_gmt":"2026-03-11T14:49:06","guid":{"rendered":"https:\/\/grupodt.es\/dtcarspro\/?post_type=product&#038;p=92939"},"modified":"2026-03-26T13:41:43","modified_gmt":"2026-03-26T13:41:43","slug":"peugeot-207-cc-001-2","status":"publish","type":"product","link":"https:\/\/grupodt.es\/dtcarspro\/producto\/peugeot-207-cc-001-2\/","title":{"rendered":"Peugeot 207 CC"},"content":{"rendered":"<p>Peugeot 207 CC<\/p>\n","protected":false},"excerpt":{"rendered":"<p>Peugeot 207 CC<\/p>\n","protected":false},"featured_media":92926,"comment_status":"closed","ping_status":"closed","template":"","meta":{"inline_featured_image":false},"product_brand":[],"product_cat":[17],"product_tag":[],"class_list":{"0":"post-92939","1":"product","2":"type-product","3":"status-publish","4":"has-post-thumbnail","6":"product_cat-sin-categorizar","8":"first","9":"instock","10":"virtual","11":"sold-individually","12":"product-type-auction"},"yoast_head":"<!-- This site is optimized with the Yoast SEO plugin v26.4 - https:\/\/yoast.com\/wordpress\/plugins\/seo\/ -->\n<title>Peugeot 207 CC - Compraventa de veh\u00edculos DTCarsPro<\/title>\n<meta name=\"description\" content=\"Subasta de veh\u00edculo Peugeot 207 CC. Plataforma DTCarsPro. Grupo DT.\" \/>\n<meta name=\"robots\" content=\"index, follow, max-snippet:-1, max-image-preview:large, max-video-preview:-1\" \/>\n<link rel=\"canonical\" href=\"https:\/\/grupodt.es\/dtcarspro\/producto\/peugeot-207-cc-001-2\/\" \/>\n<meta property=\"og:locale\" content=\"es_ES\" \/>\n<meta property=\"og:type\" content=\"article\" \/>\n<meta property=\"og:title\" content=\"Peugeot 207 CC - Compraventa de veh\u00edculos DTCarsPro\" \/>\n<meta property=\"og:description\" content=\"Subasta de veh\u00edculo Peugeot 207 CC. Plataforma DTCarsPro. Grupo DT.\" \/>\n<meta property=\"og:url\" content=\"https:\/\/grupodt.es\/dtcarspro\/producto\/peugeot-207-cc-001-2\/\" \/>\n<meta property=\"og:site_name\" content=\"Compraventa de veh\u00edculos DTCarsPro\" \/>\n<meta property=\"article:modified_time\" content=\"2026-03-26T13:41:43+00:00\" \/>\n<meta property=\"og:image\" content=\"https:\/\/grupodt.es\/dtcarspro\/wp-content\/uploads\/sites\/4\/2026\/03\/6.png\" \/>\n\t<meta property=\"og:image:width\" content=\"1000\" \/>\n\t<meta property=\"og:image:height\" content=\"509\" \/>\n\t<meta property=\"og:image:type\" content=\"image\/png\" \/>\n<meta name=\"twitter:card\" content=\"summary_large_image\" \/>\n<meta name=\"twitter:label1\" content=\"Tiempo de lectura\" \/>\n\t<meta name=\"twitter:data1\" content=\"1 minuto\" \/>\n<script type=\"application\/ld+json\" class=\"yoast-schema-graph\">{\"@context\":\"https:\/\/schema.org\",\"@graph\":[{\"@type\":\"WebPage\",\"@id\":\"https:\/\/grupodt.es\/dtcarspro\/producto\/peugeot-207-cc-001-2\/\",\"url\":\"https:\/\/grupodt.es\/dtcarspro\/producto\/peugeot-207-cc-001-2\/\",\"name\":\"Peugeot 207 CC - Compraventa de veh\u00edculos DTCarsPro\",\"isPartOf\":{\"@id\":\"https:\/\/grupodt.es\/dtcarspro\/#website\"},\"primaryImageOfPage\":{\"@id\":\"https:\/\/grupodt.es\/dtcarspro\/producto\/peugeot-207-cc-001-2\/#primaryimage\"},\"image\":{\"@id\":\"https:\/\/grupodt.es\/dtcarspro\/producto\/peugeot-207-cc-001-2\/#primaryimage\"},\"thumbnailUrl\":\"https:\/\/grupodt.es\/dtcarspro\/wp-content\/uploads\/sites\/4\/2026\/03\/6.png\",\"datePublished\":\"2026-03-11T14:49:06+00:00\",\"dateModified\":\"2026-03-26T13:41:43+00:00\",\"description\":\"Subasta de veh\u00edculo Peugeot 207 CC. Plataforma DTCarsPro. Grupo DT.\",\"breadcrumb\":{\"@id\":\"https:\/\/grupodt.es\/dtcarspro\/producto\/peugeot-207-cc-001-2\/#breadcrumb\"},\"inLanguage\":\"es\",\"potentialAction\":[{\"@type\":\"ReadAction\",\"target\":[\"https:\/\/grupodt.es\/dtcarspro\/producto\/peugeot-207-cc-001-2\/\"]}]},{\"@type\":\"ImageObject\",\"inLanguage\":\"es\",\"@id\":\"https:\/\/grupodt.es\/dtcarspro\/producto\/peugeot-207-cc-001-2\/#primaryimage\",\"url\":\"https:\/\/grupodt.es\/dtcarspro\/wp-content\/uploads\/sites\/4\/2026\/03\/6.png\",\"contentUrl\":\"https:\/\/grupodt.es\/dtcarspro\/wp-content\/uploads\/sites\/4\/2026\/03\/6.png\",\"width\":1000,\"height\":509},{\"@type\":\"BreadcrumbList\",\"@id\":\"https:\/\/grupodt.es\/dtcarspro\/producto\/peugeot-207-cc-001-2\/#breadcrumb\",\"itemListElement\":[{\"@type\":\"ListItem\",\"position\":1,\"name\":\"Portada\",\"item\":\"https:\/\/grupodt.es\/dtcarspro\/\"},{\"@type\":\"ListItem\",\"position\":2,\"name\":\"Tienda\",\"item\":\"https:\/\/grupodt.es\/dtcarspro\/tienda\/\"},{\"@type\":\"ListItem\",\"position\":3,\"name\":\"Peugeot 207 CC\"}]},{\"@type\":\"WebSite\",\"@id\":\"https:\/\/grupodt.es\/dtcarspro\/#website\",\"url\":\"https:\/\/grupodt.es\/dtcarspro\/\",\"name\":\"Compraventa de veh\u00edculos DTCarsPro\",\"description\":\"Web de compra y venta de veh\u00edculos de ocasi\u00f3n\",\"publisher\":{\"@id\":\"https:\/\/grupodt.es\/dtcarspro\/#organization\"},\"potentialAction\":[{\"@type\":\"SearchAction\",\"target\":{\"@type\":\"EntryPoint\",\"urlTemplate\":\"https:\/\/grupodt.es\/dtcarspro\/?s={search_term_string}\"},\"query-input\":{\"@type\":\"PropertyValueSpecification\",\"valueRequired\":true,\"valueName\":\"search_term_string\"}}],\"inLanguage\":\"es\"},{\"@type\":\"Organization\",\"@id\":\"https:\/\/grupodt.es\/dtcarspro\/#organization\",\"name\":\"Compraventa de veh\u00edculos DTCarsPro\",\"url\":\"https:\/\/grupodt.es\/dtcarspro\/\",\"logo\":{\"@type\":\"ImageObject\",\"inLanguage\":\"es\",\"@id\":\"https:\/\/grupodt.es\/dtcarspro\/#\/schema\/logo\/image\/\",\"url\":\"https:\/\/grupodt.es\/dtcarspro\/wp-content\/uploads\/sites\/4\/2024\/04\/Logo-DTCARPRO-horizontal-peq.jpg\",\"contentUrl\":\"https:\/\/grupodt.es\/dtcarspro\/wp-content\/uploads\/sites\/4\/2024\/04\/Logo-DTCARPRO-horizontal-peq.jpg\",\"width\":718,\"height\":229,\"caption\":\"Compraventa de veh\u00edculos DTCarsPro\"},\"image\":{\"@id\":\"https:\/\/grupodt.es\/dtcarspro\/#\/schema\/logo\/image\/\"}}]}<\/script>\n<!-- \/ Yoast SEO plugin. -->","yoast_head_json":{"title":"Peugeot 207 CC - Compraventa de veh\u00edculos DTCarsPro","description":"Subasta de veh\u00edculo Peugeot 207 CC. Plataforma DTCarsPro. Grupo DT.","robots":{"index":"index","follow":"follow","max-snippet":"max-snippet:-1","max-image-preview":"max-image-preview:large","max-video-preview":"max-video-preview:-1"},"canonical":"https:\/\/grupodt.es\/dtcarspro\/producto\/peugeot-207-cc-001-2\/","og_locale":"es_ES","og_type":"article","og_title":"Peugeot 207 CC - Compraventa de veh\u00edculos DTCarsPro","og_description":"Subasta de veh\u00edculo Peugeot 207 CC. Plataforma DTCarsPro. Grupo DT.","og_url":"https:\/\/grupodt.es\/dtcarspro\/producto\/peugeot-207-cc-001-2\/","og_site_name":"Compraventa de veh\u00edculos DTCarsPro","article_modified_time":"2026-03-26T13:41:43+00:00","og_image":[{"width":1000,"height":509,"url":"https:\/\/grupodt.es\/dtcarspro\/wp-content\/uploads\/sites\/4\/2026\/03\/6.png","type":"image\/png"}],"twitter_card":"summary_large_image","twitter_misc":{"Tiempo de lectura":"1 minuto"},"schema":{"@context":"https:\/\/schema.org","@graph":[{"@type":"WebPage","@id":"https:\/\/grupodt.es\/dtcarspro\/producto\/peugeot-207-cc-001-2\/","url":"https:\/\/grupodt.es\/dtcarspro\/producto\/peugeot-207-cc-001-2\/","name":"Peugeot 207 CC - Compraventa de veh\u00edculos DTCarsPro","isPartOf":{"@id":"https:\/\/grupodt.es\/dtcarspro\/#website"},"primaryImageOfPage":{"@id":"https:\/\/grupodt.es\/dtcarspro\/producto\/peugeot-207-cc-001-2\/#primaryimage"},"image":{"@id":"https:\/\/grupodt.es\/dtcarspro\/producto\/peugeot-207-cc-001-2\/#primaryimage"},"thumbnailUrl":"https:\/\/grupodt.es\/dtcarspro\/wp-content\/uploads\/sites\/4\/2026\/03\/6.png","datePublished":"2026-03-11T14:49:06+00:00","dateModified":"2026-03-26T13:41:43+00:00","description":"Subasta de veh\u00edculo Peugeot 207 CC. Plataforma DTCarsPro. Grupo DT.","breadcrumb":{"@id":"https:\/\/grupodt.es\/dtcarspro\/producto\/peugeot-207-cc-001-2\/#breadcrumb"},"inLanguage":"es","potentialAction":[{"@type":"ReadAction","target":["https:\/\/grupodt.es\/dtcarspro\/producto\/peugeot-207-cc-001-2\/"]}]},{"@type":"ImageObject","inLanguage":"es","@id":"https:\/\/grupodt.es\/dtcarspro\/producto\/peugeot-207-cc-001-2\/#primaryimage","url":"https:\/\/grupodt.es\/dtcarspro\/wp-content\/uploads\/sites\/4\/2026\/03\/6.png","contentUrl":"https:\/\/grupodt.es\/dtcarspro\/wp-content\/uploads\/sites\/4\/2026\/03\/6.png","width":1000,"height":509},{"@type":"BreadcrumbList","@id":"https:\/\/grupodt.es\/dtcarspro\/producto\/peugeot-207-cc-001-2\/#breadcrumb","itemListElement":[{"@type":"ListItem","position":1,"name":"Portada","item":"https:\/\/grupodt.es\/dtcarspro\/"},{"@type":"ListItem","position":2,"name":"Tienda","item":"https:\/\/grupodt.es\/dtcarspro\/tienda\/"},{"@type":"ListItem","position":3,"name":"Peugeot 207 CC"}]},{"@type":"WebSite","@id":"https:\/\/grupodt.es\/dtcarspro\/#website","url":"https:\/\/grupodt.es\/dtcarspro\/","name":"Compraventa de veh\u00edculos DTCarsPro","description":"Web de compra y venta de veh\u00edculos de ocasi\u00f3n","publisher":{"@id":"https:\/\/grupodt.es\/dtcarspro\/#organization"},"potentialAction":[{"@type":"SearchAction","target":{"@type":"EntryPoint","urlTemplate":"https:\/\/grupodt.es\/dtcarspro\/?s={search_term_string}"},"query-input":{"@type":"PropertyValueSpecification","valueRequired":true,"valueName":"search_term_string"}}],"inLanguage":"es"},{"@type":"Organization","@id":"https:\/\/grupodt.es\/dtcarspro\/#organization","name":"Compraventa de veh\u00edculos DTCarsPro","url":"https:\/\/grupodt.es\/dtcarspro\/","logo":{"@type":"ImageObject","inLanguage":"es","@id":"https:\/\/grupodt.es\/dtcarspro\/#\/schema\/logo\/image\/","url":"https:\/\/grupodt.es\/dtcarspro\/wp-content\/uploads\/sites\/4\/2024\/04\/Logo-DTCARPRO-horizontal-peq.jpg","contentUrl":"https:\/\/grupodt.es\/dtcarspro\/wp-content\/uploads\/sites\/4\/2024\/04\/Logo-DTCARPRO-horizontal-peq.jpg","width":718,"height":229,"caption":"Compraventa de veh\u00edculos DTCarsPro"},"image":{"@id":"https:\/\/grupodt.es\/dtcarspro\/#\/schema\/logo\/image\/"}}]}},"_links":{"self":[{"href":"https:\/\/grupodt.es\/dtcarspro\/wp-json\/wp\/v2\/product\/92939","targetHints":{"allow":["GET"]}}],"collection":[{"href":"https:\/\/grupodt.es\/dtcarspro\/wp-json\/wp\/v2\/product"}],"about":[{"href":"https:\/\/grupodt.es\/dtcarspro\/wp-json\/wp\/v2\/types\/product"}],"replies":[{"embeddable":true,"href":"https:\/\/grupodt.es\/dtcarspro\/wp-json\/wp\/v2\/comments?post=92939"}],"version-history":[{"count":4,"href":"https:\/\/grupodt.es\/dtcarspro\/wp-json\/wp\/v2\/product\/92939\/revisions"}],"predecessor-version":[{"id":92993,"href":"https:\/\/grupodt.es\/dtcarspro\/wp-json\/wp\/v2\/product\/92939\/revisions\/92993"}],"wp:featuredmedia":[{"embeddable":true,"href":"https:\/\/grupodt.es\/dtcarspro\/wp-json\/wp\/v2\/media\/92926"}],"wp:attachment":[{"href":"https:\/\/grupodt.es\/dtcarspro\/wp-json\/wp\/v2\/media?parent=92939"}],"wp:term":[{"taxonomy":"product_brand","embeddable":true,"href":"https:\/\/grupodt.es\/dtcarspro\/wp-json\/wp\/v2\/product_brand?post=92939"},{"taxonomy":"product_cat","embeddable":true,"href":"https:\/\/grupodt.es\/dtcarspro\/wp-json\/wp\/v2\/product_cat?post=92939"},{"taxonomy":"product_tag","embeddable":true,"href":"https:\/\/grupodt.es\/dtcarspro\/wp-json\/wp\/v2\/product_tag?post=92939"}],"curies":[{"name":"wp","href":"https:\/\/api.w.org\/{rel}","templated":true}]}}