{"id":92845,"date":"2025-10-20T08:54:14","date_gmt":"2025-10-20T07:54:14","guid":{"rendered":"https:\/\/dtcarspro.com\/?post_type=product&#038;p=92845"},"modified":"2025-10-20T08:54:14","modified_gmt":"2025-10-20T07:54:14","slug":"volkswagen-passat-19tdi-001","status":"publish","type":"product","link":"https:\/\/grupodt.es\/dtcarspro\/producto\/volkswagen-passat-19tdi-001\/","title":{"rendered":"Volkswagen Passat 1.9 TDI"},"content":{"rendered":"","protected":false},"excerpt":{"rendered":"","protected":false},"featured_media":92833,"comment_status":"closed","ping_status":"closed","template":"","meta":{"inline_featured_image":false},"product_brand":[],"product_cat":[17],"product_tag":[],"class_list":{"0":"post-92845","1":"product","2":"type-product","3":"status-publish","4":"has-post-thumbnail","6":"product_cat-sin-categorizar","8":"first","9":"instock","10":"sold-individually","11":"shipping-taxable","12":"product-type-auction"},"yoast_head":"<!-- This site is optimized with the Yoast SEO plugin v26.4 - https:\/\/yoast.com\/wordpress\/plugins\/seo\/ -->\n<title>Volkswagen Passat 1.9 TDI - Compraventa de veh\u00edculos DTCarsPro<\/title>\n<meta name=\"robots\" content=\"index, follow, max-snippet:-1, max-image-preview:large, max-video-preview:-1\" \/>\n<link rel=\"canonical\" href=\"https:\/\/grupodt.es\/dtcarspro\/producto\/volkswagen-passat-19tdi-001\/\" \/>\n<meta property=\"og:locale\" content=\"es_ES\" \/>\n<meta property=\"og:type\" content=\"article\" \/>\n<meta property=\"og:title\" content=\"Volkswagen Passat 1.9 TDI - Compraventa de veh\u00edculos DTCarsPro\" \/>\n<meta property=\"og:url\" content=\"https:\/\/grupodt.es\/dtcarspro\/producto\/volkswagen-passat-19tdi-001\/\" \/>\n<meta property=\"og:site_name\" content=\"Compraventa de veh\u00edculos DTCarsPro\" \/>\n<meta property=\"og:image\" content=\"https:\/\/grupodt.es\/dtcarspro\/wp-content\/uploads\/sites\/4\/2025\/10\/1-1.jpg\" \/>\n\t<meta property=\"og:image:width\" content=\"1000\" \/>\n\t<meta property=\"og:image:height\" content=\"642\" \/>\n\t<meta property=\"og:image:type\" content=\"image\/jpeg\" \/>\n<meta name=\"twitter:card\" content=\"summary_large_image\" \/>\n<script type=\"application\/ld+json\" class=\"yoast-schema-graph\">{\"@context\":\"https:\/\/schema.org\",\"@graph\":[{\"@type\":\"WebPage\",\"@id\":\"https:\/\/grupodt.es\/dtcarspro\/producto\/volkswagen-passat-19tdi-001\/\",\"url\":\"https:\/\/grupodt.es\/dtcarspro\/producto\/volkswagen-passat-19tdi-001\/\",\"name\":\"Volkswagen Passat 1.9 TDI - Compraventa de veh\u00edculos DTCarsPro\",\"isPartOf\":{\"@id\":\"https:\/\/grupodt.es\/dtcarspro\/#website\"},\"primaryImageOfPage\":{\"@id\":\"https:\/\/grupodt.es\/dtcarspro\/producto\/volkswagen-passat-19tdi-001\/#primaryimage\"},\"image\":{\"@id\":\"https:\/\/grupodt.es\/dtcarspro\/producto\/volkswagen-passat-19tdi-001\/#primaryimage\"},\"thumbnailUrl\":\"https:\/\/grupodt.es\/dtcarspro\/wp-content\/uploads\/sites\/4\/2025\/10\/1-1.jpg\",\"datePublished\":\"2025-10-20T07:54:14+00:00\",\"breadcrumb\":{\"@id\":\"https:\/\/grupodt.es\/dtcarspro\/producto\/volkswagen-passat-19tdi-001\/#breadcrumb\"},\"inLanguage\":\"es\",\"potentialAction\":[{\"@type\":\"ReadAction\",\"target\":[\"https:\/\/grupodt.es\/dtcarspro\/producto\/volkswagen-passat-19tdi-001\/\"]}]},{\"@type\":\"ImageObject\",\"inLanguage\":\"es\",\"@id\":\"https:\/\/grupodt.es\/dtcarspro\/producto\/volkswagen-passat-19tdi-001\/#primaryimage\",\"url\":\"https:\/\/grupodt.es\/dtcarspro\/wp-content\/uploads\/sites\/4\/2025\/10\/1-1.jpg\",\"contentUrl\":\"https:\/\/grupodt.es\/dtcarspro\/wp-content\/uploads\/sites\/4\/2025\/10\/1-1.jpg\",\"width\":1000,\"height\":642},{\"@type\":\"BreadcrumbList\",\"@id\":\"https:\/\/grupodt.es\/dtcarspro\/producto\/volkswagen-passat-19tdi-001\/#breadcrumb\",\"itemListElement\":[{\"@type\":\"ListItem\",\"position\":1,\"name\":\"Portada\",\"item\":\"https:\/\/grupodt.es\/dtcarspro\/\"},{\"@type\":\"ListItem\",\"position\":2,\"name\":\"Tienda\",\"item\":\"https:\/\/grupodt.es\/dtcarspro\/tienda\/\"},{\"@type\":\"ListItem\",\"position\":3,\"name\":\"Volkswagen Passat 1.9 TDI\"}]},{\"@type\":\"WebSite\",\"@id\":\"https:\/\/grupodt.es\/dtcarspro\/#website\",\"url\":\"https:\/\/grupodt.es\/dtcarspro\/\",\"name\":\"Compraventa de veh\u00edculos DTCarsPro\",\"description\":\"Web de compra y venta de veh\u00edculos de ocasi\u00f3n\",\"publisher\":{\"@id\":\"https:\/\/grupodt.es\/dtcarspro\/#organization\"},\"potentialAction\":[{\"@type\":\"SearchAction\",\"target\":{\"@type\":\"EntryPoint\",\"urlTemplate\":\"https:\/\/grupodt.es\/dtcarspro\/?s={search_term_string}\"},\"query-input\":{\"@type\":\"PropertyValueSpecification\",\"valueRequired\":true,\"valueName\":\"search_term_string\"}}],\"inLanguage\":\"es\"},{\"@type\":\"Organization\",\"@id\":\"https:\/\/grupodt.es\/dtcarspro\/#organization\",\"name\":\"Compraventa de veh\u00edculos DTCarsPro\",\"url\":\"https:\/\/grupodt.es\/dtcarspro\/\",\"logo\":{\"@type\":\"ImageObject\",\"inLanguage\":\"es\",\"@id\":\"https:\/\/grupodt.es\/dtcarspro\/#\/schema\/logo\/image\/\",\"url\":\"https:\/\/grupodt.es\/dtcarspro\/wp-content\/uploads\/sites\/4\/2024\/04\/Logo-DTCARPRO-horizontal-peq.jpg\",\"contentUrl\":\"https:\/\/grupodt.es\/dtcarspro\/wp-content\/uploads\/sites\/4\/2024\/04\/Logo-DTCARPRO-horizontal-peq.jpg\",\"width\":718,\"height\":229,\"caption\":\"Compraventa de veh\u00edculos DTCarsPro\"},\"image\":{\"@id\":\"https:\/\/grupodt.es\/dtcarspro\/#\/schema\/logo\/image\/\"}}]}<\/script>\n<!-- \/ Yoast SEO plugin. -->","yoast_head_json":{"title":"Volkswagen Passat 1.9 TDI - Compraventa de veh\u00edculos DTCarsPro","robots":{"index":"index","follow":"follow","max-snippet":"max-snippet:-1","max-image-preview":"max-image-preview:large","max-video-preview":"max-video-preview:-1"},"canonical":"https:\/\/grupodt.es\/dtcarspro\/producto\/volkswagen-passat-19tdi-001\/","og_locale":"es_ES","og_type":"article","og_title":"Volkswagen Passat 1.9 TDI - Compraventa de veh\u00edculos DTCarsPro","og_url":"https:\/\/grupodt.es\/dtcarspro\/producto\/volkswagen-passat-19tdi-001\/","og_site_name":"Compraventa de veh\u00edculos DTCarsPro","og_image":[{"url":"https:\/\/grupodt.es\/dtcarspro\/wp-content\/uploads\/sites\/4\/2025\/10\/1-1.jpg","width":1000,"height":642,"type":"image\/jpeg"}],"twitter_card":"summary_large_image","schema":{"@context":"https:\/\/schema.org","@graph":[{"@type":"WebPage","@id":"https:\/\/grupodt.es\/dtcarspro\/producto\/volkswagen-passat-19tdi-001\/","url":"https:\/\/grupodt.es\/dtcarspro\/producto\/volkswagen-passat-19tdi-001\/","name":"Volkswagen Passat 1.9 TDI - Compraventa de veh\u00edculos DTCarsPro","isPartOf":{"@id":"https:\/\/grupodt.es\/dtcarspro\/#website"},"primaryImageOfPage":{"@id":"https:\/\/grupodt.es\/dtcarspro\/producto\/volkswagen-passat-19tdi-001\/#primaryimage"},"image":{"@id":"https:\/\/grupodt.es\/dtcarspro\/producto\/volkswagen-passat-19tdi-001\/#primaryimage"},"thumbnailUrl":"https:\/\/grupodt.es\/dtcarspro\/wp-content\/uploads\/sites\/4\/2025\/10\/1-1.jpg","datePublished":"2025-10-20T07:54:14+00:00","breadcrumb":{"@id":"https:\/\/grupodt.es\/dtcarspro\/producto\/volkswagen-passat-19tdi-001\/#breadcrumb"},"inLanguage":"es","potentialAction":[{"@type":"ReadAction","target":["https:\/\/grupodt.es\/dtcarspro\/producto\/volkswagen-passat-19tdi-001\/"]}]},{"@type":"ImageObject","inLanguage":"es","@id":"https:\/\/grupodt.es\/dtcarspro\/producto\/volkswagen-passat-19tdi-001\/#primaryimage","url":"https:\/\/grupodt.es\/dtcarspro\/wp-content\/uploads\/sites\/4\/2025\/10\/1-1.jpg","contentUrl":"https:\/\/grupodt.es\/dtcarspro\/wp-content\/uploads\/sites\/4\/2025\/10\/1-1.jpg","width":1000,"height":642},{"@type":"BreadcrumbList","@id":"https:\/\/grupodt.es\/dtcarspro\/producto\/volkswagen-passat-19tdi-001\/#breadcrumb","itemListElement":[{"@type":"ListItem","position":1,"name":"Portada","item":"https:\/\/grupodt.es\/dtcarspro\/"},{"@type":"ListItem","position":2,"name":"Tienda","item":"https:\/\/grupodt.es\/dtcarspro\/tienda\/"},{"@type":"ListItem","position":3,"name":"Volkswagen Passat 1.9 TDI"}]},{"@type":"WebSite","@id":"https:\/\/grupodt.es\/dtcarspro\/#website","url":"https:\/\/grupodt.es\/dtcarspro\/","name":"Compraventa de veh\u00edculos DTCarsPro","description":"Web de compra y venta de veh\u00edculos de ocasi\u00f3n","publisher":{"@id":"https:\/\/grupodt.es\/dtcarspro\/#organization"},"potentialAction":[{"@type":"SearchAction","target":{"@type":"EntryPoint","urlTemplate":"https:\/\/grupodt.es\/dtcarspro\/?s={search_term_string}"},"query-input":{"@type":"PropertyValueSpecification","valueRequired":true,"valueName":"search_term_string"}}],"inLanguage":"es"},{"@type":"Organization","@id":"https:\/\/grupodt.es\/dtcarspro\/#organization","name":"Compraventa de veh\u00edculos DTCarsPro","url":"https:\/\/grupodt.es\/dtcarspro\/","logo":{"@type":"ImageObject","inLanguage":"es","@id":"https:\/\/grupodt.es\/dtcarspro\/#\/schema\/logo\/image\/","url":"https:\/\/grupodt.es\/dtcarspro\/wp-content\/uploads\/sites\/4\/2024\/04\/Logo-DTCARPRO-horizontal-peq.jpg","contentUrl":"https:\/\/grupodt.es\/dtcarspro\/wp-content\/uploads\/sites\/4\/2024\/04\/Logo-DTCARPRO-horizontal-peq.jpg","width":718,"height":229,"caption":"Compraventa de veh\u00edculos DTCarsPro"},"image":{"@id":"https:\/\/grupodt.es\/dtcarspro\/#\/schema\/logo\/image\/"}}]}},"_links":{"self":[{"href":"https:\/\/grupodt.es\/dtcarspro\/wp-json\/wp\/v2\/product\/92845","targetHints":{"allow":["GET"]}}],"collection":[{"href":"https:\/\/grupodt.es\/dtcarspro\/wp-json\/wp\/v2\/product"}],"about":[{"href":"https:\/\/grupodt.es\/dtcarspro\/wp-json\/wp\/v2\/types\/product"}],"replies":[{"embeddable":true,"href":"https:\/\/grupodt.es\/dtcarspro\/wp-json\/wp\/v2\/comments?post=92845"}],"version-history":[{"count":1,"href":"https:\/\/grupodt.es\/dtcarspro\/wp-json\/wp\/v2\/product\/92845\/revisions"}],"predecessor-version":[{"id":92846,"href":"https:\/\/grupodt.es\/dtcarspro\/wp-json\/wp\/v2\/product\/92845\/revisions\/92846"}],"wp:featuredmedia":[{"embeddable":true,"href":"https:\/\/grupodt.es\/dtcarspro\/wp-json\/wp\/v2\/media\/92833"}],"wp:attachment":[{"href":"https:\/\/grupodt.es\/dtcarspro\/wp-json\/wp\/v2\/media?parent=92845"}],"wp:term":[{"taxonomy":"product_brand","embeddable":true,"href":"https:\/\/grupodt.es\/dtcarspro\/wp-json\/wp\/v2\/product_brand?post=92845"},{"taxonomy":"product_cat","embeddable":true,"href":"https:\/\/grupodt.es\/dtcarspro\/wp-json\/wp\/v2\/product_cat?post=92845"},{"taxonomy":"product_tag","embeddable":true,"href":"https:\/\/grupodt.es\/dtcarspro\/wp-json\/wp\/v2\/product_tag?post=92845"}],"curies":[{"name":"wp","href":"https:\/\/api.w.org\/{rel}","templated":true}]}}