{"id":92679,"date":"2025-09-30T11:36:43","date_gmt":"2025-09-30T10:36:43","guid":{"rendered":"https:\/\/dtcarspro.com\/expired-auctions\/"},"modified":"2025-10-01T12:00:31","modified_gmt":"2025-10-01T11:00:31","slug":"expired-auctions","status":"publish","type":"page","link":"https:\/\/grupodt.es\/dtcarspro\/expired-auctions\/","title":{"rendered":"Subastas finalizadas"},"content":{"rendered":"<div class=\"woocommerce\">\n\t\t\t<p class=\"woocommerce-result-count\" role=\"alert\" aria-relevant=\"all\" data-is-sorted-by=\"true\">\n\tMostrando los 5 resultados<span class=\"screen-reader-text\">meta_value<\/span><\/p>\n\n\t\t \t<ul class=\"products columns-4\">\n\n\t\t\t\n\t\t\t\t \t<li class=\"col-md-3 col-sm-4 col-xs-12 first post-93007 product type-product status-publish has-post-thumbnail product_cat-sin-categorizar instock sold-individually shipping-taxable product-type-auction\">\n\n\t<div class=\"stm-product-inner\">\n\n\t\t<a href=\"https:\/\/grupodt.es\/dtcarspro\/producto\/mercedes-300ce-w124\/\" class=\"woocommerce-LoopProduct-link woocommerce-loop-product__link\">\n\t\t<div class=\"product_thumbnail\">\n\t\t\t<img fetchpriority=\"high\" decoding=\"async\" width=\"300\" height=\"300\" src=\"https:\/\/grupodt.es\/dtcarspro\/wp-content\/uploads\/sites\/4\/2026\/03\/5-1-300x300.png\" class=\"attachment-woocommerce_thumbnail size-woocommerce_thumbnail\" alt=\"Mercedes 300CE (W124)\" srcset=\"https:\/\/grupodt.es\/dtcarspro\/wp-content\/uploads\/sites\/4\/2026\/03\/5-1-300x300.png 300w, https:\/\/grupodt.es\/dtcarspro\/wp-content\/uploads\/sites\/4\/2026\/03\/5-1-150x150.png 150w, https:\/\/grupodt.es\/dtcarspro\/wp-content\/uploads\/sites\/4\/2026\/03\/5-1-120x120.png 120w, https:\/\/grupodt.es\/dtcarspro\/wp-content\/uploads\/sites\/4\/2026\/03\/5-1-100x100.png 100w\" sizes=\"(max-width: 300px) 100vw, 300px\" \/><span class=\"uwa_auction_bage_icon\" style=\"background:url(https:\/\/grupodt.es\/dtcarspro\/wp-content\/plugins\/ultimate-woocommerce-auction-pro\/assets\/images\/woo_ua_auction_big.png) center center no-repeat;background-size: 100%;\" ><\/span>\t\t<\/div>\n\t\t\t\t\t<h5>Mercedes 300CE (W124)<\/h5>\n\t\t\t<div class=\"product_info clearfix\">\n\t\t\t\t\n\t<span class=\"price\"><span class=\"woo-ua-winned-for expired\">Subasta finalizada<\/span><\/span>\n\t\t\t<\/div>\n\t\t\t<\/a><a href=\"https:\/\/grupodt.es\/dtcarspro\/producto\/mercedes-300ce-w124\/\" aria-describedby=\"woocommerce_loop_add_to_cart_link_describedby_93007\" data-quantity=\"1\" class=\"button product_type_auction\" data-product_id=\"93007\" data-product_sku=\"\" aria-label=\"Lee m\u00e1s sobre &ldquo;Mercedes 300CE (W124)&rdquo;\" rel=\"nofollow\">Finalizado<\/a>\t<span id=\"woocommerce_loop_add_to_cart_link_describedby_93007\" class=\"screen-reader-text\">\n\t\t\t<\/span>\n\t\t\n\n\t<\/div>\n\n<\/li>\n\n\t\t\t\n\t\t\t\t \t<li class=\"col-md-3 col-sm-4 col-xs-12 first post-92939 product type-product status-publish has-post-thumbnail product_cat-sin-categorizar  instock virtual sold-individually product-type-auction\">\n\n\t<div class=\"stm-product-inner\">\n\n\t\t<a href=\"https:\/\/grupodt.es\/dtcarspro\/producto\/peugeot-207-cc-001-2\/\" class=\"woocommerce-LoopProduct-link woocommerce-loop-product__link\">\n\t\t<div class=\"product_thumbnail\">\n\t\t\t<img decoding=\"async\" width=\"300\" height=\"300\" src=\"https:\/\/grupodt.es\/dtcarspro\/wp-content\/uploads\/sites\/4\/2026\/03\/6-300x300.png\" class=\"attachment-woocommerce_thumbnail size-woocommerce_thumbnail\" alt=\"Peugeot 207 CC\" srcset=\"https:\/\/grupodt.es\/dtcarspro\/wp-content\/uploads\/sites\/4\/2026\/03\/6-300x300.png 300w, https:\/\/grupodt.es\/dtcarspro\/wp-content\/uploads\/sites\/4\/2026\/03\/6-150x150.png 150w, https:\/\/grupodt.es\/dtcarspro\/wp-content\/uploads\/sites\/4\/2026\/03\/6-120x120.png 120w, https:\/\/grupodt.es\/dtcarspro\/wp-content\/uploads\/sites\/4\/2026\/03\/6-100x100.png 100w\" sizes=\"(max-width: 300px) 100vw, 300px\" \/><span class=\"uwa_auction_bage_icon\" style=\"background:url(https:\/\/grupodt.es\/dtcarspro\/wp-content\/plugins\/ultimate-woocommerce-auction-pro\/assets\/images\/woo_ua_auction_big.png) center center no-repeat;background-size: 100%;\" ><\/span>\t\t<\/div>\n\t\t\t\t\t<h5>Peugeot 207 CC<\/h5>\n\t\t\t<div class=\"product_info clearfix\">\n\t\t\t\t\n\t<span class=\"price\"><span class=\"woo-ua-winned-for expired\">Subasta finalizada<\/span><\/span>\n\t\t\t<\/div>\n\t\t\t<\/a><a href=\"https:\/\/grupodt.es\/dtcarspro\/producto\/peugeot-207-cc-001-2\/\" aria-describedby=\"woocommerce_loop_add_to_cart_link_describedby_92939\" data-quantity=\"1\" class=\"button product_type_auction\" data-product_id=\"92939\" data-product_sku=\"\" aria-label=\"Lee m\u00e1s sobre &ldquo;Peugeot 207 CC&rdquo;\" rel=\"nofollow\">Finalizado<\/a>\t<span id=\"woocommerce_loop_add_to_cart_link_describedby_92939\" class=\"screen-reader-text\">\n\t\t\t<\/span>\n\t\t\n\n\t<\/div>\n\n<\/li>\n\n\t\t\t\n\t\t\t\t \t<li class=\"col-md-3 col-sm-4 col-xs-12 first post-92845 product type-product status-publish has-post-thumbnail product_cat-sin-categorizar  instock sold-individually shipping-taxable product-type-auction\">\n\n\t<div class=\"stm-product-inner\">\n\n\t\t<a href=\"https:\/\/grupodt.es\/dtcarspro\/producto\/volkswagen-passat-19tdi-001\/\" class=\"woocommerce-LoopProduct-link woocommerce-loop-product__link\">\n\t\t<div class=\"product_thumbnail\">\n\t\t\t<img decoding=\"async\" width=\"300\" height=\"300\" src=\"https:\/\/grupodt.es\/dtcarspro\/wp-content\/uploads\/sites\/4\/2025\/10\/1-1-300x300.jpg\" class=\"attachment-woocommerce_thumbnail size-woocommerce_thumbnail\" alt=\"Volkswagen Passat 1.9 TDI\" srcset=\"https:\/\/grupodt.es\/dtcarspro\/wp-content\/uploads\/sites\/4\/2025\/10\/1-1-300x300.jpg 300w, https:\/\/grupodt.es\/dtcarspro\/wp-content\/uploads\/sites\/4\/2025\/10\/1-1-150x150.jpg 150w, https:\/\/grupodt.es\/dtcarspro\/wp-content\/uploads\/sites\/4\/2025\/10\/1-1-120x120.jpg 120w, https:\/\/grupodt.es\/dtcarspro\/wp-content\/uploads\/sites\/4\/2025\/10\/1-1-100x100.jpg 100w\" sizes=\"(max-width: 300px) 100vw, 300px\" \/><span class=\"uwa_auction_bage_icon\" style=\"background:url(https:\/\/grupodt.es\/dtcarspro\/wp-content\/plugins\/ultimate-woocommerce-auction-pro\/assets\/images\/woo_ua_auction_big.png) center center no-repeat;background-size: 100%;\" ><\/span>\t\t<\/div>\n\t\t\t\t\t<h5>Volkswagen Passat 1.9 TDI<\/h5>\n\t\t\t<div class=\"product_info clearfix\">\n\t\t\t\t\n\t<span class=\"price\"><span class=\"woo-ua-winned-for expired\">Subasta finalizada<\/span><\/span>\n\t\t\t<\/div>\n\t\t\t<\/a><a href=\"https:\/\/grupodt.es\/dtcarspro\/producto\/volkswagen-passat-19tdi-001\/\" aria-describedby=\"woocommerce_loop_add_to_cart_link_describedby_92845\" data-quantity=\"1\" class=\"button product_type_auction\" data-product_id=\"92845\" data-product_sku=\"\" aria-label=\"Lee m\u00e1s sobre &ldquo;Volkswagen Passat 1.9 TDI&rdquo;\" rel=\"nofollow\">Finalizado<\/a>\t<span id=\"woocommerce_loop_add_to_cart_link_describedby_92845\" class=\"screen-reader-text\">\n\t\t\t<\/span>\n\t\t\n\n\t<\/div>\n\n<\/li>\n\n\t\t\t\n\t\t\t\t \t<li class=\"col-md-3 col-sm-4 col-xs-12 first post-92820 product type-product status-publish has-post-thumbnail product_cat-sin-categorizar last instock sold-individually shipping-taxable product-type-auction\">\n\n\t<div class=\"stm-product-inner\">\n\n\t\t<a href=\"https:\/\/grupodt.es\/dtcarspro\/producto\/opel-meriva-001\/\" class=\"woocommerce-LoopProduct-link woocommerce-loop-product__link\">\n\t\t<div class=\"product_thumbnail\">\n\t\t\t<img loading=\"lazy\" decoding=\"async\" width=\"300\" height=\"300\" src=\"https:\/\/grupodt.es\/dtcarspro\/wp-content\/uploads\/sites\/4\/2025\/10\/10-2-300x300.jpg\" class=\"attachment-woocommerce_thumbnail size-woocommerce_thumbnail\" alt=\"Opel Meriva\" srcset=\"https:\/\/grupodt.es\/dtcarspro\/wp-content\/uploads\/sites\/4\/2025\/10\/10-2-300x300.jpg 300w, https:\/\/grupodt.es\/dtcarspro\/wp-content\/uploads\/sites\/4\/2025\/10\/10-2-150x150.jpg 150w, https:\/\/grupodt.es\/dtcarspro\/wp-content\/uploads\/sites\/4\/2025\/10\/10-2-120x120.jpg 120w, https:\/\/grupodt.es\/dtcarspro\/wp-content\/uploads\/sites\/4\/2025\/10\/10-2-100x100.jpg 100w\" sizes=\"(max-width: 300px) 100vw, 300px\" \/><span class=\"uwa_auction_bage_icon\" style=\"background:url(https:\/\/grupodt.es\/dtcarspro\/wp-content\/plugins\/ultimate-woocommerce-auction-pro\/assets\/images\/woo_ua_auction_big.png) center center no-repeat;background-size: 100%;\" ><\/span>\t\t<\/div>\n\t\t\t\t\t<h5>Opel Meriva<\/h5>\n\t\t\t<div class=\"product_info clearfix\">\n\t\t\t\t\n\t<span class=\"price\"><span class=\"woo-ua-winned-for expired\">Subasta finalizada<\/span><\/span>\n\t\t\t<\/div>\n\t\t\t<\/a><a href=\"https:\/\/grupodt.es\/dtcarspro\/producto\/opel-meriva-001\/\" aria-describedby=\"woocommerce_loop_add_to_cart_link_describedby_92820\" data-quantity=\"1\" class=\"button product_type_auction\" data-product_id=\"92820\" data-product_sku=\"\" aria-label=\"Lee m\u00e1s sobre &ldquo;Opel Meriva&rdquo;\" rel=\"nofollow\">Finalizado<\/a>\t<span id=\"woocommerce_loop_add_to_cart_link_describedby_92820\" class=\"screen-reader-text\">\n\t\t\t<\/span>\n\t\t\n\n\t<\/div>\n\n<\/li>\n\n\t\t\t\n\t\t\t\t \t<li class=\"col-md-3 col-sm-4 col-xs-12 first post-92701 product type-product status-publish has-post-thumbnail product_cat-sin-categorizar instock sold-individually shipping-taxable product-type-auction\">\n\n\t<div class=\"stm-product-inner\">\n\n\t\t<a href=\"https:\/\/grupodt.es\/dtcarspro\/producto\/renault-captur-0-9-tce\/\" class=\"woocommerce-LoopProduct-link woocommerce-loop-product__link\">\n\t\t<div class=\"product_thumbnail\">\n\t\t\t<img loading=\"lazy\" decoding=\"async\" width=\"300\" height=\"300\" src=\"https:\/\/grupodt.es\/dtcarspro\/wp-content\/uploads\/sites\/4\/2025\/10\/1-300x300.jpg\" class=\"attachment-woocommerce_thumbnail size-woocommerce_thumbnail\" alt=\"Renault Captur 0.9 TCe\" srcset=\"https:\/\/grupodt.es\/dtcarspro\/wp-content\/uploads\/sites\/4\/2025\/10\/1-300x300.jpg 300w, https:\/\/grupodt.es\/dtcarspro\/wp-content\/uploads\/sites\/4\/2025\/10\/1-150x150.jpg 150w, https:\/\/grupodt.es\/dtcarspro\/wp-content\/uploads\/sites\/4\/2025\/10\/1-120x120.jpg 120w, https:\/\/grupodt.es\/dtcarspro\/wp-content\/uploads\/sites\/4\/2025\/10\/1-100x100.jpg 100w\" sizes=\"(max-width: 300px) 100vw, 300px\" \/><span class=\"uwa_auction_bage_icon\" style=\"background:url(https:\/\/grupodt.es\/dtcarspro\/wp-content\/plugins\/ultimate-woocommerce-auction-pro\/assets\/images\/woo_ua_auction_big.png) center center no-repeat;background-size: 100%;\" ><\/span>\t\t<\/div>\n\t\t\t\t\t<h5>Renault Captur 0.9 TCe<\/h5>\n\t\t\t<div class=\"product_info clearfix\">\n\t\t\t\t\n\t<span class=\"price\"><span class=\"woo-ua-winned-for expired\">Subasta finalizada<\/span><\/span>\n\t\t\t<\/div>\n\t\t\t<\/a><a href=\"https:\/\/grupodt.es\/dtcarspro\/producto\/renault-captur-0-9-tce\/\" aria-describedby=\"woocommerce_loop_add_to_cart_link_describedby_92701\" data-quantity=\"1\" class=\"button product_type_auction\" data-product_id=\"92701\" data-product_sku=\"\" aria-label=\"Lee m\u00e1s sobre &ldquo;Renault Captur 0.9 TCe&rdquo;\" rel=\"nofollow\">Finalizado<\/a>\t<span id=\"woocommerce_loop_add_to_cart_link_describedby_92701\" class=\"screen-reader-text\">\n\t\t\t<\/span>\n\t\t\n\n\t<\/div>\n\n<\/li>\n\n\t\t\t\n\t\t \t<\/ul>\n\n\t\t<\/div>\n","protected":false},"excerpt":{"rendered":"","protected":false},"author":4,"featured_media":0,"parent":0,"menu_order":0,"comment_status":"closed","ping_status":"closed","template":"","meta":{"inline_featured_image":false,"footnotes":""},"class_list":["post-92679","page","type-page","status-publish","hentry"],"yoast_head":"<!-- This site is optimized with the Yoast SEO plugin v26.4 - https:\/\/yoast.com\/wordpress\/plugins\/seo\/ -->\n<title>Subastas finalizadas - Compraventa de veh\u00edculos DTCarsPro<\/title>\n<meta name=\"robots\" content=\"index, follow, max-snippet:-1, max-image-preview:large, max-video-preview:-1\" \/>\n<link rel=\"canonical\" href=\"https:\/\/grupodt.es\/dtcarspro\/expired-auctions\/\" \/>\n<meta property=\"og:locale\" content=\"es_ES\" \/>\n<meta property=\"og:type\" content=\"article\" \/>\n<meta property=\"og:title\" content=\"Subastas finalizadas - Compraventa de veh\u00edculos DTCarsPro\" \/>\n<meta property=\"og:url\" content=\"https:\/\/grupodt.es\/dtcarspro\/expired-auctions\/\" \/>\n<meta property=\"og:site_name\" content=\"Compraventa de veh\u00edculos DTCarsPro\" \/>\n<meta property=\"article:modified_time\" content=\"2025-10-01T11:00:31+00:00\" \/>\n<meta name=\"twitter:card\" content=\"summary_large_image\" \/>\n<script type=\"application\/ld+json\" class=\"yoast-schema-graph\">{\"@context\":\"https:\/\/schema.org\",\"@graph\":[{\"@type\":\"WebPage\",\"@id\":\"https:\/\/grupodt.es\/dtcarspro\/expired-auctions\/\",\"url\":\"https:\/\/grupodt.es\/dtcarspro\/expired-auctions\/\",\"name\":\"Subastas finalizadas - Compraventa de veh\u00edculos DTCarsPro\",\"isPartOf\":{\"@id\":\"https:\/\/grupodt.es\/dtcarspro\/#website\"},\"datePublished\":\"2025-09-30T10:36:43+00:00\",\"dateModified\":\"2025-10-01T11:00:31+00:00\",\"breadcrumb\":{\"@id\":\"https:\/\/grupodt.es\/dtcarspro\/expired-auctions\/#breadcrumb\"},\"inLanguage\":\"es\",\"potentialAction\":[{\"@type\":\"ReadAction\",\"target\":[\"https:\/\/grupodt.es\/dtcarspro\/expired-auctions\/\"]}]},{\"@type\":\"BreadcrumbList\",\"@id\":\"https:\/\/grupodt.es\/dtcarspro\/expired-auctions\/#breadcrumb\",\"itemListElement\":[{\"@type\":\"ListItem\",\"position\":1,\"name\":\"Portada\",\"item\":\"https:\/\/grupodt.es\/dtcarspro\/\"},{\"@type\":\"ListItem\",\"position\":2,\"name\":\"Subastas finalizadas\"}]},{\"@type\":\"WebSite\",\"@id\":\"https:\/\/grupodt.es\/dtcarspro\/#website\",\"url\":\"https:\/\/grupodt.es\/dtcarspro\/\",\"name\":\"Compraventa de veh\u00edculos DTCarsPro\",\"description\":\"Web de compra y venta de veh\u00edculos de ocasi\u00f3n\",\"publisher\":{\"@id\":\"https:\/\/grupodt.es\/dtcarspro\/#organization\"},\"potentialAction\":[{\"@type\":\"SearchAction\",\"target\":{\"@type\":\"EntryPoint\",\"urlTemplate\":\"https:\/\/grupodt.es\/dtcarspro\/?s={search_term_string}\"},\"query-input\":{\"@type\":\"PropertyValueSpecification\",\"valueRequired\":true,\"valueName\":\"search_term_string\"}}],\"inLanguage\":\"es\"},{\"@type\":\"Organization\",\"@id\":\"https:\/\/grupodt.es\/dtcarspro\/#organization\",\"name\":\"Compraventa de veh\u00edculos DTCarsPro\",\"url\":\"https:\/\/grupodt.es\/dtcarspro\/\",\"logo\":{\"@type\":\"ImageObject\",\"inLanguage\":\"es\",\"@id\":\"https:\/\/grupodt.es\/dtcarspro\/#\/schema\/logo\/image\/\",\"url\":\"https:\/\/grupodt.es\/dtcarspro\/wp-content\/uploads\/sites\/4\/2024\/04\/Logo-DTCARPRO-horizontal-peq.jpg\",\"contentUrl\":\"https:\/\/grupodt.es\/dtcarspro\/wp-content\/uploads\/sites\/4\/2024\/04\/Logo-DTCARPRO-horizontal-peq.jpg\",\"width\":718,\"height\":229,\"caption\":\"Compraventa de veh\u00edculos DTCarsPro\"},\"image\":{\"@id\":\"https:\/\/grupodt.es\/dtcarspro\/#\/schema\/logo\/image\/\"}}]}<\/script>\n<!-- \/ Yoast SEO plugin. -->","yoast_head_json":{"title":"Subastas finalizadas - Compraventa de veh\u00edculos DTCarsPro","robots":{"index":"index","follow":"follow","max-snippet":"max-snippet:-1","max-image-preview":"max-image-preview:large","max-video-preview":"max-video-preview:-1"},"canonical":"https:\/\/grupodt.es\/dtcarspro\/expired-auctions\/","og_locale":"es_ES","og_type":"article","og_title":"Subastas finalizadas - Compraventa de veh\u00edculos DTCarsPro","og_url":"https:\/\/grupodt.es\/dtcarspro\/expired-auctions\/","og_site_name":"Compraventa de veh\u00edculos DTCarsPro","article_modified_time":"2025-10-01T11:00:31+00:00","twitter_card":"summary_large_image","schema":{"@context":"https:\/\/schema.org","@graph":[{"@type":"WebPage","@id":"https:\/\/grupodt.es\/dtcarspro\/expired-auctions\/","url":"https:\/\/grupodt.es\/dtcarspro\/expired-auctions\/","name":"Subastas finalizadas - Compraventa de veh\u00edculos DTCarsPro","isPartOf":{"@id":"https:\/\/grupodt.es\/dtcarspro\/#website"},"datePublished":"2025-09-30T10:36:43+00:00","dateModified":"2025-10-01T11:00:31+00:00","breadcrumb":{"@id":"https:\/\/grupodt.es\/dtcarspro\/expired-auctions\/#breadcrumb"},"inLanguage":"es","potentialAction":[{"@type":"ReadAction","target":["https:\/\/grupodt.es\/dtcarspro\/expired-auctions\/"]}]},{"@type":"BreadcrumbList","@id":"https:\/\/grupodt.es\/dtcarspro\/expired-auctions\/#breadcrumb","itemListElement":[{"@type":"ListItem","position":1,"name":"Portada","item":"https:\/\/grupodt.es\/dtcarspro\/"},{"@type":"ListItem","position":2,"name":"Subastas finalizadas"}]},{"@type":"WebSite","@id":"https:\/\/grupodt.es\/dtcarspro\/#website","url":"https:\/\/grupodt.es\/dtcarspro\/","name":"Compraventa de veh\u00edculos DTCarsPro","description":"Web de compra y venta de veh\u00edculos de ocasi\u00f3n","publisher":{"@id":"https:\/\/grupodt.es\/dtcarspro\/#organization"},"potentialAction":[{"@type":"SearchAction","target":{"@type":"EntryPoint","urlTemplate":"https:\/\/grupodt.es\/dtcarspro\/?s={search_term_string}"},"query-input":{"@type":"PropertyValueSpecification","valueRequired":true,"valueName":"search_term_string"}}],"inLanguage":"es"},{"@type":"Organization","@id":"https:\/\/grupodt.es\/dtcarspro\/#organization","name":"Compraventa de veh\u00edculos DTCarsPro","url":"https:\/\/grupodt.es\/dtcarspro\/","logo":{"@type":"ImageObject","inLanguage":"es","@id":"https:\/\/grupodt.es\/dtcarspro\/#\/schema\/logo\/image\/","url":"https:\/\/grupodt.es\/dtcarspro\/wp-content\/uploads\/sites\/4\/2024\/04\/Logo-DTCARPRO-horizontal-peq.jpg","contentUrl":"https:\/\/grupodt.es\/dtcarspro\/wp-content\/uploads\/sites\/4\/2024\/04\/Logo-DTCARPRO-horizontal-peq.jpg","width":718,"height":229,"caption":"Compraventa de veh\u00edculos DTCarsPro"},"image":{"@id":"https:\/\/grupodt.es\/dtcarspro\/#\/schema\/logo\/image\/"}}]}},"_links":{"self":[{"href":"https:\/\/grupodt.es\/dtcarspro\/wp-json\/wp\/v2\/pages\/92679","targetHints":{"allow":["GET"]}}],"collection":[{"href":"https:\/\/grupodt.es\/dtcarspro\/wp-json\/wp\/v2\/pages"}],"about":[{"href":"https:\/\/grupodt.es\/dtcarspro\/wp-json\/wp\/v2\/types\/page"}],"author":[{"embeddable":true,"href":"https:\/\/grupodt.es\/dtcarspro\/wp-json\/wp\/v2\/users\/4"}],"replies":[{"embeddable":true,"href":"https:\/\/grupodt.es\/dtcarspro\/wp-json\/wp\/v2\/comments?post=92679"}],"version-history":[{"count":1,"href":"https:\/\/grupodt.es\/dtcarspro\/wp-json\/wp\/v2\/pages\/92679\/revisions"}],"predecessor-version":[{"id":92688,"href":"https:\/\/grupodt.es\/dtcarspro\/wp-json\/wp\/v2\/pages\/92679\/revisions\/92688"}],"wp:attachment":[{"href":"https:\/\/grupodt.es\/dtcarspro\/wp-json\/wp\/v2\/media?parent=92679"}],"curies":[{"name":"wp","href":"https:\/\/api.w.org\/{rel}","templated":true}]}}