{"id":2080,"date":"2016-04-07T07:50:01","date_gmt":"2016-04-07T07:50:01","guid":{"rendered":"https:\/\/motors.stylemixthemes.com\/elementor-classified-one\/?page_id=2080"},"modified":"2026-03-12T12:00:38","modified_gmt":"2026-03-12T12:00:38","slug":"contact-us","status":"publish","type":"page","link":"https:\/\/grupodt.es\/dtcarspro\/contact-us\/","title":{"rendered":"Contacto"},"content":{"rendered":"\t\t<div data-elementor-type=\"wp-page\" data-elementor-id=\"2080\" class=\"elementor elementor-2080\" data-elementor-post-type=\"page\">\n\t\t\t\t\t\t<section class=\"elementor-section elementor-top-section elementor-element elementor-element-f37d606 elementor-section-full_width elementor-section-stretched elementor-section-height-default elementor-section-height-default\" data-id=\"f37d606\" data-element_type=\"section\" data-e-type=\"section\" data-settings=\"{&quot;stretch_section&quot;:&quot;section-stretched&quot;,&quot;background_background&quot;:&quot;classic&quot;}\">\n\t\t\t\t\t\t<div class=\"elementor-container elementor-column-gap-default\">\n\t\t\t\t\t<div class=\"elementor-column elementor-col-100 elementor-top-column elementor-element elementor-element-d17565e\" data-id=\"d17565e\" data-element_type=\"column\" data-e-type=\"column\">\n\t\t\t<div class=\"elementor-widget-wrap elementor-element-populated\">\n\t\t\t\t\t\t<section class=\"elementor-section elementor-inner-section elementor-element elementor-element-0d5cf45 elementor-section-boxed elementor-section-height-default elementor-section-height-default\" data-id=\"0d5cf45\" data-element_type=\"section\" data-e-type=\"section\">\n\t\t\t\t\t\t<div class=\"elementor-container elementor-column-gap-default\">\n\t\t\t\t\t<div class=\"elementor-column elementor-col-100 elementor-inner-column elementor-element elementor-element-c16a7c3\" data-id=\"c16a7c3\" data-element_type=\"column\" data-e-type=\"column\" data-settings=\"{&quot;background_background&quot;:&quot;classic&quot;}\">\n\t\t\t<div class=\"elementor-widget-wrap elementor-element-populated\">\n\t\t\t\t\t\t<div class=\"elementor-element elementor-element-2182023 elementor-widget elementor-widget-heading\" data-id=\"2182023\" data-element_type=\"widget\" data-e-type=\"widget\" data-widget_type=\"heading.default\">\n\t\t\t\t<div class=\"elementor-widget-container\">\n\t\t\t\t\t<h1 class=\"elementor-heading-title elementor-size-default\">Formulario de contacto<\/h1>\t\t\t\t<\/div>\n\t\t\t\t<\/div>\n\t\t\t\t<div class=\"elementor-element elementor-element-2c229c4 elementor-button-align-stretch elementor-widget elementor-widget-form\" data-id=\"2c229c4\" data-element_type=\"widget\" data-e-type=\"widget\" data-settings=\"{&quot;step_next_label&quot;:&quot;Next&quot;,&quot;step_previous_label&quot;:&quot;Previous&quot;,&quot;button_width&quot;:&quot;100&quot;,&quot;step_type&quot;:&quot;number_text&quot;,&quot;step_icon_shape&quot;:&quot;circle&quot;}\" data-widget_type=\"form.default\">\n\t\t\t\t<div class=\"elementor-widget-container\">\n\t\t\t\t\t\t\t<form class=\"elementor-form\" method=\"post\" name=\"Formulario de contacto\" aria-label=\"Formulario de contacto\">\n\t\t\t<input type=\"hidden\" name=\"post_id\" value=\"2080\"\/>\n\t\t\t<input type=\"hidden\" name=\"form_id\" value=\"2c229c4\"\/>\n\t\t\t<input type=\"hidden\" name=\"referer_title\" value=\"Contacto - Compraventa de veh\u00edculos DTCarsPro\" \/>\n\n\t\t\t\t\t\t\t<input type=\"hidden\" name=\"queried_id\" value=\"2080\"\/>\n\t\t\t\n\t\t\t<div class=\"elementor-form-fields-wrapper elementor-labels-above\">\n\t\t\t\t\t\t\t\t<div class=\"elementor-field-type-text elementor-field-group elementor-column elementor-field-group-name elementor-col-100 elementor-field-required elementor-mark-required\">\n\t\t\t\t\t\t\t\t\t\t\t\t<label for=\"form-field-name\" class=\"elementor-field-label\">\n\t\t\t\t\t\t\t\tNombre y apellidos\t\t\t\t\t\t\t<\/label>\n\t\t\t\t\t\t\t\t\t\t\t\t\t\t<input size=\"1\" type=\"text\" name=\"form_fields[name]\" id=\"form-field-name\" class=\"elementor-field elementor-size-md  elementor-field-textual\" required=\"required\">\n\t\t\t\t\t\t\t\t\t\t\t<\/div>\n\t\t\t\t\t\t\t\t<div class=\"elementor-field-type-email elementor-field-group elementor-column elementor-field-group-email elementor-col-100 elementor-field-required elementor-mark-required\">\n\t\t\t\t\t\t\t\t\t\t\t\t<label for=\"form-field-email\" class=\"elementor-field-label\">\n\t\t\t\t\t\t\t\tCorreo electr\u00f3nico\t\t\t\t\t\t\t<\/label>\n\t\t\t\t\t\t\t\t\t\t\t\t\t\t<input size=\"1\" type=\"email\" name=\"form_fields[email]\" id=\"form-field-email\" class=\"elementor-field elementor-size-md  elementor-field-textual\" required=\"required\">\n\t\t\t\t\t\t\t\t\t\t\t<\/div>\n\t\t\t\t\t\t\t\t<div class=\"elementor-field-type-tel elementor-field-group elementor-column elementor-field-group-field_0a479fe elementor-col-100\">\n\t\t\t\t\t\t\t\t\t\t\t\t<label for=\"form-field-field_0a479fe\" class=\"elementor-field-label\">\n\t\t\t\t\t\t\t\tTelefono\t\t\t\t\t\t\t<\/label>\n\t\t\t\t\t\t\t\t<input size=\"1\" type=\"tel\" name=\"form_fields[field_0a479fe]\" id=\"form-field-field_0a479fe\" class=\"elementor-field elementor-size-md  elementor-field-textual\" pattern=\"[0-9()#&amp;+*-=.]+\" title=\"Solo se aceptan n\u00fameros y caracteres de tel\u00e9fono (#,-,*,etc).\">\n\n\t\t\t\t\t\t<\/div>\n\t\t\t\t\t\t\t\t<div class=\"elementor-field-type-textarea elementor-field-group elementor-column elementor-field-group-message elementor-col-100\">\n\t\t\t\t\t\t\t\t\t\t\t\t<label for=\"form-field-message\" class=\"elementor-field-label\">\n\t\t\t\t\t\t\t\tMensaje\t\t\t\t\t\t\t<\/label>\n\t\t\t\t\t\t<textarea class=\"elementor-field-textual elementor-field  elementor-size-md\" name=\"form_fields[message]\" id=\"form-field-message\" rows=\"4\"><\/textarea>\t\t\t\t<\/div>\n\t\t\t\t\t\t\t\t<div class=\"elementor-field-type-acceptance elementor-field-group elementor-column elementor-field-group-field_db92b23 elementor-col-100 elementor-field-required elementor-mark-required\">\n\t\t\t\t\t\t\t<div class=\"elementor-field-subgroup\">\n\t\t\t<span class=\"elementor-field-option\">\n\t\t\t\t<input type=\"checkbox\" name=\"form_fields[field_db92b23]\" id=\"form-field-field_db92b23\" class=\"elementor-field elementor-size-md  elementor-acceptance-field\" required=\"required\">\n\t\t\t\t<label for=\"form-field-field_db92b23\">He le\u00eddo y acepto la <a href=\"..\/politica-privacidad\" target=\"_blank\">pol\u00edtica de privacidad<\/a><\/label>\t\t\t<\/span>\n\t\t<\/div>\n\t\t\t\t\t\t<\/div>\n\t\t\t\t\t\t\t\t<div class=\"elementor-field-group elementor-column elementor-field-type-submit elementor-col-100 e-form__buttons\">\n\t\t\t\t\t<button class=\"elementor-button elementor-size-md\" type=\"submit\">\n\t\t\t\t\t\t<span class=\"elementor-button-content-wrapper\">\n\t\t\t\t\t\t\t\t\t\t\t\t\t\t\t\t\t\t\t\t\t\t<span class=\"elementor-button-text\">Enviar<\/span>\n\t\t\t\t\t\t\t\t\t\t\t\t\t<\/span>\n\t\t\t\t\t<\/button>\n\t\t\t\t<\/div>\n\t\t\t<\/div>\n\t\t<\/form>\n\t\t\t\t\t\t<\/div>\n\t\t\t\t<\/div>\n\t\t\t\t\t<\/div>\n\t\t<\/div>\n\t\t\t\t\t<\/div>\n\t\t<\/section>\n\t\t\t\t\t<\/div>\n\t\t<\/div>\n\t\t\t\t\t<\/div>\n\t\t<\/section>\n\t\t\t\t<section class=\"elementor-section elementor-top-section elementor-element elementor-element-51b8b43 elementor-section-full_width elementor-section-height-default elementor-section-height-default\" data-id=\"51b8b43\" data-element_type=\"section\" data-e-type=\"section\">\n\t\t\t\t\t\t<div class=\"elementor-container elementor-column-gap-default\">\n\t\t\t\t\t<div class=\"elementor-column elementor-col-33 elementor-top-column elementor-element elementor-element-11ee9bf\" data-id=\"11ee9bf\" data-element_type=\"column\" data-e-type=\"column\">\n\t\t\t<div class=\"elementor-widget-wrap elementor-element-populated\">\n\t\t\t\t\t\t<div class=\"elementor-element elementor-element-4d970ae elementor-widget elementor-widget-motors-contact-tabs\" data-id=\"4d970ae\" data-element_type=\"widget\" data-e-type=\"widget\" data-settings=\"{&quot;_animation&quot;:&quot;none&quot;}\" data-widget_type=\"motors-contact-tabs.default\">\n\t\t\t\t<div class=\"elementor-widget-container\">\n\t\t\t\t\t\t<div class=\"stm-elementor-contact-tabs\">\n\t\t<div class=\"elementor-contact-tabs\">\n\t\t\t<div class=\"elementor-contact-tabs-container\">\n\t\t\t\t<ul class=\"elementor-contact-tabs-list\">\n\t\t\t\t\t\t\t\t\t\t<li class=\"elementor-contact-tab active\" data-tab=\"855650\">\n\t\t\t\t\t\t<span class=\"tab-item\">\n\t\t\t\t\t\t\t<span class=\"elementor-contact-title-text\">\n\t\t\t\t\t\t\t\tDATOS DE CONTACTO\t\t\t\t\t\t\t<\/span>\n\t\t\t\t\t\t<\/span>\n\t\t\t\t\t<\/li>\n\t\t\t\t\t\t\t\t\t<\/ul>\n\t\t\t<\/div>\n\t\t\t<div class=\"contact-tabs-containers-wrap\">\n\t\t\t\t\t\t\t\t\t<div class=\"elementor-contact-panels-container contact-panel-855650 active\">\n\t\t\t\t\t\t\t\t\t\t\t\t<div class=\"tab-unit\">\n\t\t\t\t\t\t\t<div class=\"icon\">\n\t\t\t\t\t\t\t\t\t\t\t\t\t\t\t\t\t\t<i class=\"stmicon- stm-icon-pin\"><\/i>\n\t\t\t\t\t\t\t\t\t\t\t\t\t\t\t\t\t<\/div>\n\t\t\t\t\t\t\t<div class=\"text\">\n\t\t\t\t\t\t\t\t<h4 class=\"title heading-font\">\n\t\t\t\t\t\t\t\t\tDirecci\u00f3n\t\t\t\t\t\t\t\t<\/h4>\n\t\t\t\t\t\t\t\t<div class=\"content heading-font\">\n\t\t\t\t\t\t\t\t\t<div class=\"icon-box vc_custom_1447842696775 icon_box_63500 stm-layout-box-car_dealer \"><div class=\"icon-text\"><div class=\"content heading-font\"><p>C\/Las Industrias, 17<\/p><p>Pol. Ind. Cercado Chico<\/p><p>38108 - La Laguna<\/p><p>Tenerife<\/p><\/div><\/div><\/div>\t\t\t\t\t\t\t\t<\/div>\n\t\t\t\t\t\t\t<\/div>\n\t\t\t\t\t\t<\/div>\n\t\t\t\t\t\t\n\t\t\t\t\t\t\t\t\t\t\t\t<div class=\"tab-unit\">\n\t\t\t\t\t\t\t<div class=\"icon\">\n\t\t\t\t\t\t\t\t\t\t\t\t\t\t\t\t\t\t<i class=\"stmicon- stm-icon-phone\"><\/i>\n\t\t\t\t\t\t\t\t\t\t\t\t\t\t\t\t\t<\/div>\n\t\t\t\t\t\t\t<div class=\"text\">\n\t\t\t\t\t\t\t\t<h4 class=\"title heading-font\">\n\t\t\t\t\t\t\t\t\tTel\u00e9fono\t\t\t\t\t\t\t\t<\/h4>\n\t\t\t\t\t\t\t\t<div class=\"content heading-font\">\n\t\t\t\t\t\t\t\t\t<p>686 90 90 90<\/p>\t\t\t\t\t\t\t\t<\/div>\n\t\t\t\t\t\t\t<\/div>\n\t\t\t\t\t\t<\/div>\n\t\t\t\t\t\t\n\t\t\t\t\t\t\t\t\t\t\t\t<div class=\"tab-unit\">\n\t\t\t\t\t\t\t<div class=\"icon\">\n\t\t\t\t\t\t\t\t\t\t\t\t\t\t\t\t\t\t<i class=\"stmicon- stm-icon-time\"><\/i>\n\t\t\t\t\t\t\t\t\t\t\t\t\t\t\t\t\t<\/div>\n\t\t\t\t\t\t\t<div class=\"text\">\n\t\t\t\t\t\t\t\t<h4 class=\"title heading-font\">\n\t\t\t\t\t\t\t\t\tHorario\t\t\t\t\t\t\t\t<\/h4>\n\t\t\t\t\t\t\t\t<div class=\"content heading-font\">\n\t\t\t\t\t\t\t\t\t<p>De lunes a viernes:<\/p><p>8:00 a 16:00 horas<\/p><p>S\u00e1bados y domingos:<\/p><p>Cerrado<\/p>\t\t\t\t\t\t\t\t<\/div>\n\t\t\t\t\t\t\t<\/div>\n\t\t\t\t\t\t<\/div>\n\t\t\t\t\t\t\t\t\t\t\t<\/div>\n\t\t\t\t\t\t\t<\/div>\n\t\t<\/div>\n\t<\/div>\n\t\t\t\t\t<\/div>\n\t\t\t\t<\/div>\n\t\t\t\t\t<\/div>\n\t\t<\/div>\n\t\t\t\t<div class=\"elementor-column elementor-col-66 elementor-top-column elementor-element elementor-element-c583530\" data-id=\"c583530\" data-element_type=\"column\" data-e-type=\"column\">\n\t\t\t<div class=\"elementor-widget-wrap elementor-element-populated\">\n\t\t\t\t\t\t<div class=\"elementor-element elementor-element-e7b6f9a elementor-widget elementor-widget-google_maps\" data-id=\"e7b6f9a\" data-element_type=\"widget\" data-e-type=\"widget\" data-widget_type=\"google_maps.default\">\n\t\t\t\t<div class=\"elementor-widget-container\">\n\t\t\t\t\t\t\t<div class=\"elementor-custom-embed\">\n\t\t\t<iframe loading=\"lazy\"\n\t\t\t\t\tsrc=\"https:\/\/maps.google.com\/maps?q=C%2FLas%20industrias%2C%2017.%2038108&#038;t=m&#038;z=11&#038;output=embed&#038;iwloc=near\"\n\t\t\t\t\ttitle=\"C\/Las industrias, 17. 38108\"\n\t\t\t\t\taria-label=\"C\/Las industrias, 17. 38108\"\n\t\t\t><\/iframe>\n\t\t<\/div>\n\t\t\t\t\t\t<\/div>\n\t\t\t\t<\/div>\n\t\t\t\t\t<\/div>\n\t\t<\/div>\n\t\t\t\t\t<\/div>\n\t\t<\/section>\n\t\t\t\t<\/div>\n\t\t","protected":false},"excerpt":{"rendered":"<p>Formulario de contacto DATOS DE CONTACTO Direcci\u00f3n C\/Las Industrias, 17 Pol. Ind. Cercado Chico 38108 &#8211; La Laguna Tenerife Tel\u00e9fono 686 90 90 90 Horario De lunes a viernes: 8:00 a 16:00 horas S\u00e1bados y domingos: Cerrado<\/p>\n","protected":false},"author":4,"featured_media":0,"parent":0,"menu_order":0,"comment_status":"closed","ping_status":"closed","template":"","meta":{"inline_featured_image":false,"footnotes":""},"class_list":["post-2080","page","type-page","status-publish","hentry"],"yoast_head":"<!-- This site is optimized with the Yoast SEO plugin v26.4 - https:\/\/yoast.com\/wordpress\/plugins\/seo\/ -->\n<title>Contacto - Compraventa de veh\u00edculos DTCarsPro<\/title>\n<meta name=\"robots\" content=\"index, follow, max-snippet:-1, max-image-preview:large, max-video-preview:-1\" \/>\n<link rel=\"canonical\" href=\"https:\/\/grupodt.es\/dtcarspro\/contact-us\/\" \/>\n<meta property=\"og:locale\" content=\"es_ES\" \/>\n<meta property=\"og:type\" content=\"article\" \/>\n<meta property=\"og:title\" content=\"Contacto - Compraventa de veh\u00edculos DTCarsPro\" \/>\n<meta property=\"og:description\" content=\"Formulario de contacto DATOS DE CONTACTO Direcci\u00f3n C\/Las Industrias, 17 Pol. Ind. Cercado Chico 38108 &#8211; La Laguna Tenerife Tel\u00e9fono 686 90 90 90 Horario De lunes a viernes: 8:00 a 16:00 horas S\u00e1bados y domingos: Cerrado\" \/>\n<meta property=\"og:url\" content=\"https:\/\/grupodt.es\/dtcarspro\/contact-us\/\" \/>\n<meta property=\"og:site_name\" content=\"Compraventa de veh\u00edculos DTCarsPro\" \/>\n<meta property=\"article:modified_time\" content=\"2026-03-12T12:00:38+00:00\" \/>\n<meta name=\"twitter:card\" content=\"summary_large_image\" \/>\n<script type=\"application\/ld+json\" class=\"yoast-schema-graph\">{\"@context\":\"https:\/\/schema.org\",\"@graph\":[{\"@type\":\"WebPage\",\"@id\":\"https:\/\/grupodt.es\/dtcarspro\/contact-us\/\",\"url\":\"https:\/\/grupodt.es\/dtcarspro\/contact-us\/\",\"name\":\"Contacto - Compraventa de veh\u00edculos DTCarsPro\",\"isPartOf\":{\"@id\":\"https:\/\/grupodt.es\/dtcarspro\/#website\"},\"datePublished\":\"2016-04-07T07:50:01+00:00\",\"dateModified\":\"2026-03-12T12:00:38+00:00\",\"breadcrumb\":{\"@id\":\"https:\/\/grupodt.es\/dtcarspro\/contact-us\/#breadcrumb\"},\"inLanguage\":\"es\",\"potentialAction\":[{\"@type\":\"ReadAction\",\"target\":[\"https:\/\/grupodt.es\/dtcarspro\/contact-us\/\"]}]},{\"@type\":\"BreadcrumbList\",\"@id\":\"https:\/\/grupodt.es\/dtcarspro\/contact-us\/#breadcrumb\",\"itemListElement\":[{\"@type\":\"ListItem\",\"position\":1,\"name\":\"Portada\",\"item\":\"https:\/\/grupodt.es\/dtcarspro\/\"},{\"@type\":\"ListItem\",\"position\":2,\"name\":\"Contacto\"}]},{\"@type\":\"WebSite\",\"@id\":\"https:\/\/grupodt.es\/dtcarspro\/#website\",\"url\":\"https:\/\/grupodt.es\/dtcarspro\/\",\"name\":\"Compraventa de veh\u00edculos DTCarsPro\",\"description\":\"Web de compra y venta de veh\u00edculos de ocasi\u00f3n\",\"publisher\":{\"@id\":\"https:\/\/grupodt.es\/dtcarspro\/#organization\"},\"potentialAction\":[{\"@type\":\"SearchAction\",\"target\":{\"@type\":\"EntryPoint\",\"urlTemplate\":\"https:\/\/grupodt.es\/dtcarspro\/?s={search_term_string}\"},\"query-input\":{\"@type\":\"PropertyValueSpecification\",\"valueRequired\":true,\"valueName\":\"search_term_string\"}}],\"inLanguage\":\"es\"},{\"@type\":\"Organization\",\"@id\":\"https:\/\/grupodt.es\/dtcarspro\/#organization\",\"name\":\"Compraventa de veh\u00edculos DTCarsPro\",\"url\":\"https:\/\/grupodt.es\/dtcarspro\/\",\"logo\":{\"@type\":\"ImageObject\",\"inLanguage\":\"es\",\"@id\":\"https:\/\/grupodt.es\/dtcarspro\/#\/schema\/logo\/image\/\",\"url\":\"https:\/\/grupodt.es\/dtcarspro\/wp-content\/uploads\/sites\/4\/2024\/04\/Logo-DTCARPRO-horizontal-peq.jpg\",\"contentUrl\":\"https:\/\/grupodt.es\/dtcarspro\/wp-content\/uploads\/sites\/4\/2024\/04\/Logo-DTCARPRO-horizontal-peq.jpg\",\"width\":718,\"height\":229,\"caption\":\"Compraventa de veh\u00edculos DTCarsPro\"},\"image\":{\"@id\":\"https:\/\/grupodt.es\/dtcarspro\/#\/schema\/logo\/image\/\"}}]}<\/script>\n<!-- \/ Yoast SEO plugin. -->","yoast_head_json":{"title":"Contacto - Compraventa de veh\u00edculos DTCarsPro","robots":{"index":"index","follow":"follow","max-snippet":"max-snippet:-1","max-image-preview":"max-image-preview:large","max-video-preview":"max-video-preview:-1"},"canonical":"https:\/\/grupodt.es\/dtcarspro\/contact-us\/","og_locale":"es_ES","og_type":"article","og_title":"Contacto - Compraventa de veh\u00edculos DTCarsPro","og_description":"Formulario de contacto DATOS DE CONTACTO Direcci\u00f3n C\/Las Industrias, 17 Pol. Ind. Cercado Chico 38108 &#8211; La Laguna Tenerife Tel\u00e9fono 686 90 90 90 Horario De lunes a viernes: 8:00 a 16:00 horas S\u00e1bados y domingos: Cerrado","og_url":"https:\/\/grupodt.es\/dtcarspro\/contact-us\/","og_site_name":"Compraventa de veh\u00edculos DTCarsPro","article_modified_time":"2026-03-12T12:00:38+00:00","twitter_card":"summary_large_image","schema":{"@context":"https:\/\/schema.org","@graph":[{"@type":"WebPage","@id":"https:\/\/grupodt.es\/dtcarspro\/contact-us\/","url":"https:\/\/grupodt.es\/dtcarspro\/contact-us\/","name":"Contacto - Compraventa de veh\u00edculos DTCarsPro","isPartOf":{"@id":"https:\/\/grupodt.es\/dtcarspro\/#website"},"datePublished":"2016-04-07T07:50:01+00:00","dateModified":"2026-03-12T12:00:38+00:00","breadcrumb":{"@id":"https:\/\/grupodt.es\/dtcarspro\/contact-us\/#breadcrumb"},"inLanguage":"es","potentialAction":[{"@type":"ReadAction","target":["https:\/\/grupodt.es\/dtcarspro\/contact-us\/"]}]},{"@type":"BreadcrumbList","@id":"https:\/\/grupodt.es\/dtcarspro\/contact-us\/#breadcrumb","itemListElement":[{"@type":"ListItem","position":1,"name":"Portada","item":"https:\/\/grupodt.es\/dtcarspro\/"},{"@type":"ListItem","position":2,"name":"Contacto"}]},{"@type":"WebSite","@id":"https:\/\/grupodt.es\/dtcarspro\/#website","url":"https:\/\/grupodt.es\/dtcarspro\/","name":"Compraventa de veh\u00edculos DTCarsPro","description":"Web de compra y venta de veh\u00edculos de ocasi\u00f3n","publisher":{"@id":"https:\/\/grupodt.es\/dtcarspro\/#organization"},"potentialAction":[{"@type":"SearchAction","target":{"@type":"EntryPoint","urlTemplate":"https:\/\/grupodt.es\/dtcarspro\/?s={search_term_string}"},"query-input":{"@type":"PropertyValueSpecification","valueRequired":true,"valueName":"search_term_string"}}],"inLanguage":"es"},{"@type":"Organization","@id":"https:\/\/grupodt.es\/dtcarspro\/#organization","name":"Compraventa de veh\u00edculos DTCarsPro","url":"https:\/\/grupodt.es\/dtcarspro\/","logo":{"@type":"ImageObject","inLanguage":"es","@id":"https:\/\/grupodt.es\/dtcarspro\/#\/schema\/logo\/image\/","url":"https:\/\/grupodt.es\/dtcarspro\/wp-content\/uploads\/sites\/4\/2024\/04\/Logo-DTCARPRO-horizontal-peq.jpg","contentUrl":"https:\/\/grupodt.es\/dtcarspro\/wp-content\/uploads\/sites\/4\/2024\/04\/Logo-DTCARPRO-horizontal-peq.jpg","width":718,"height":229,"caption":"Compraventa de veh\u00edculos DTCarsPro"},"image":{"@id":"https:\/\/grupodt.es\/dtcarspro\/#\/schema\/logo\/image\/"}}]}},"_links":{"self":[{"href":"https:\/\/grupodt.es\/dtcarspro\/wp-json\/wp\/v2\/pages\/2080","targetHints":{"allow":["GET"]}}],"collection":[{"href":"https:\/\/grupodt.es\/dtcarspro\/wp-json\/wp\/v2\/pages"}],"about":[{"href":"https:\/\/grupodt.es\/dtcarspro\/wp-json\/wp\/v2\/types\/page"}],"author":[{"embeddable":true,"href":"https:\/\/grupodt.es\/dtcarspro\/wp-json\/wp\/v2\/users\/4"}],"replies":[{"embeddable":true,"href":"https:\/\/grupodt.es\/dtcarspro\/wp-json\/wp\/v2\/comments?post=2080"}],"version-history":[{"count":58,"href":"https:\/\/grupodt.es\/dtcarspro\/wp-json\/wp\/v2\/pages\/2080\/revisions"}],"predecessor-version":[{"id":92949,"href":"https:\/\/grupodt.es\/dtcarspro\/wp-json\/wp\/v2\/pages\/2080\/revisions\/92949"}],"wp:attachment":[{"href":"https:\/\/grupodt.es\/dtcarspro\/wp-json\/wp\/v2\/media?parent=2080"}],"curies":[{"name":"wp","href":"https:\/\/api.w.org\/{rel}","templated":true}]}}