{"id":1718,"date":"2016-03-12T05:45:22","date_gmt":"2016-03-12T05:45:22","guid":{"rendered":"https:\/\/motors.stylemixthemes.com\/elementor-classified-one\/?page_id=1718"},"modified":"2016-03-12T05:45:22","modified_gmt":"2016-03-12T05:45:22","slug":"loginregister","status":"publish","type":"page","link":"https:\/\/grupodt.es\/dtcarspro\/loginregister\/","title":{"rendered":"Login\/Register"},"content":{"rendered":"\t\t<div data-elementor-type=\"wp-page\" data-elementor-id=\"1718\" class=\"elementor elementor-1718\" data-elementor-post-type=\"page\">\n\t\t\t\t\t\t<section class=\"elementor-section elementor-top-section elementor-element elementor-element-89426d9 elementor-section-boxed elementor-section-height-default elementor-section-height-default\" data-id=\"89426d9\" data-element_type=\"section\" data-e-type=\"section\">\n\t\t\t\t\t\t<div class=\"elementor-container elementor-column-gap-default\">\n\t\t\t\t\t<div class=\"elementor-column elementor-col-100 elementor-top-column elementor-element elementor-element-c7cd248\" data-id=\"c7cd248\" data-element_type=\"column\" data-e-type=\"column\">\n\t\t\t<div class=\"elementor-widget-wrap elementor-element-populated\">\n\t\t\t\t\t\t<div class=\"elementor-element elementor-element-3c2de8f elementor-widget elementor-widget-motors-login-register\" data-id=\"3c2de8f\" data-element_type=\"widget\" data-e-type=\"widget\" data-widget_type=\"motors-login-register.default\">\n\t\t\t\t<div class=\"elementor-widget-container\">\n\t\t\t\t\t<div class=\"stm-login-register-form\">\n\t\n\t<div class=\"row\">\n\n\t\t<div class=\"col-md-4\">\n\t\t\t<h3>Iniciar sesi\u00f3n<\/h3>\n\t\t\t\t\t\t<div class=\"stm-login-form\">\n\t\t\t\t<form method=\"post\">\n\t\t\t\t\t\t\t\t\t\t<div class=\"form-group\">\n\t\t\t\t\t\t<h4>Nombre de usuario o correo electr\u00f3nico<\/h4>\n\t\t\t\t\t\t<input type=\"text\" name=\"stm_user_login\"\n\t\t\t\t\t\t\t\tplaceholder=\"Introduzca su nombre de usuario o correo electr\u00f3nico\"\/>\n\t\t\t\t\t<\/div>\n\t\t\t\t\t<div class=\"form-group\">\n\t\t\t\t\t\t<h4>Contrase\u00f1a<\/h4>\n\t\t\t\t\t\t<input type=\"password\" name=\"stm_user_password\"\n\t\t\t\t\t\t\t\tplaceholder=\"Introduzca la contrase\u00f1a\"\/>\n\t\t\t\t\t<\/div>\n\t\t\t\t\t<div class=\"form-group form-checker\">\n\t\t\t\t\t\t<label>\n\t\t\t\t\t\t\t<input type=\"checkbox\" name=\"stm_remember_me\"\/>\n\t\t\t\t\t\t\t<span>Recordarme<\/span>\n\t\t\t\t\t\t<\/label>\n\t\t\t\t\t\t<div class=\"stm-forgot-password\">\n\t\t\t\t\t\t\t<a href=\"#\">\n\t\t\t\t\t\t\t\tOlvid\u00e9 mi contrase\u00f1a\t\t\t\t\t\t\t<\/a>\n\t\t\t\t\t\t<\/div>\n\t\t\t\t\t<\/div>\n\t\t\t\t\t\t\t\t\t\t<input class=\"heading-font\" type=\"submit\" value=\"Iniciar sesi\u00f3n\"\/>\n\t\t\t\t\t<span class=\"stm-listing-loader\"><i class=\"stm-icon-load1\"><\/i><\/span>\n\t\t\t\t\t<div class=\"stm-validation-message\"><\/div>\n\t\t\t\t\t\t\t\t\t<\/form>\n\t\t\t\t<form method=\"post\" class=\"stm_forgot_password_send\">\n\t\t\t\t\t<div class=\"form-group\">\n\t\t\t\t\t\t<h4>Nombre de usuario o correo electr\u00f3nico<\/h4>\n\t\t\t\t\t\t<input type=\"hidden\" name=\"stm_link_send_to\"\n\t\t\t\t\t\t\t\tvalue=\"https:\/\/grupodt.es\/dtcarspro\/loginregister\/\"\n\t\t\t\t\t\t\t\treadonly\/>\n\t\t\t\t\t\t<input type=\"text\" name=\"stm_user_login\"\n\t\t\t\t\t\t\t\tplaceholder=\"Introduzca su nombre de usuario o correo electr\u00f3nico\"\/>\n\t\t\t\t\t\t<input type=\"submit\"\n\t\t\t\t\t\t\t\tvalue=\"Enviar contrase\u00f1a\"\/>\n\t\t\t\t\t\t<span class=\"stm-listing-loader\"><i class=\"stm-icon-load1\"><\/i><\/span>\n\t\t\t\t\t\t<div class=\"stm-validation-message\"><\/div>\n\t\t\t\t\t<\/div>\n\t\t\t\t<\/form>\n\t\t\t<\/div>\n\t\t\t\t\t<\/div>\n\n\t\t<div class=\"col-md-8\">\n\t\t\t\t\t<\/div>\n\t<\/div>\n<\/div>\n\t\t\t\t<\/div>\n\t\t\t\t<\/div>\n\t\t\t\t\t<\/div>\n\t\t<\/div>\n\t\t\t\t\t<\/div>\n\t\t<\/section>\n\t\t\t\t<\/div>\n\t\t","protected":false},"excerpt":{"rendered":"<p>Sign In Login or E-mail Password Remember me Forgot Password Login or E-mail Sign Up First Name Last Name Phone number I have a WhatsApp account with this number Email * Login * Password * I accept the terms of the service<\/p>\n","protected":false},"author":4,"featured_media":0,"parent":0,"menu_order":0,"comment_status":"closed","ping_status":"closed","template":"","meta":{"inline_featured_image":false,"footnotes":""},"class_list":["post-1718","page","type-page","status-publish","hentry"],"yoast_head":"<!-- This site is optimized with the Yoast SEO plugin v26.4 - https:\/\/yoast.com\/wordpress\/plugins\/seo\/ -->\n<title>Login\/Register - Compraventa de veh\u00edculos DTCarsPro<\/title>\n<meta name=\"robots\" content=\"index, follow, max-snippet:-1, max-image-preview:large, max-video-preview:-1\" \/>\n<link rel=\"canonical\" href=\"https:\/\/grupodt.es\/dtcarspro\/loginregister\/\" \/>\n<meta property=\"og:locale\" content=\"es_ES\" \/>\n<meta property=\"og:type\" content=\"article\" \/>\n<meta property=\"og:title\" content=\"Login\/Register - Compraventa de veh\u00edculos DTCarsPro\" \/>\n<meta property=\"og:description\" content=\"Sign In Login or E-mail Password Remember me Forgot Password Login or E-mail Sign Up First Name Last Name Phone number I have a WhatsApp account with this number Email * Login * Password * I accept the terms of the service\" \/>\n<meta property=\"og:url\" content=\"https:\/\/grupodt.es\/dtcarspro\/loginregister\/\" \/>\n<meta property=\"og:site_name\" content=\"Compraventa de veh\u00edculos DTCarsPro\" \/>\n<meta name=\"twitter:card\" content=\"summary_large_image\" \/>\n<script type=\"application\/ld+json\" class=\"yoast-schema-graph\">{\"@context\":\"https:\/\/schema.org\",\"@graph\":[{\"@type\":\"WebPage\",\"@id\":\"https:\/\/grupodt.es\/dtcarspro\/loginregister\/\",\"url\":\"https:\/\/grupodt.es\/dtcarspro\/loginregister\/\",\"name\":\"Login\/Register - Compraventa de veh\u00edculos DTCarsPro\",\"isPartOf\":{\"@id\":\"https:\/\/grupodt.es\/dtcarspro\/#website\"},\"datePublished\":\"2016-03-12T05:45:22+00:00\",\"breadcrumb\":{\"@id\":\"https:\/\/grupodt.es\/dtcarspro\/loginregister\/#breadcrumb\"},\"inLanguage\":\"es\",\"potentialAction\":[{\"@type\":\"ReadAction\",\"target\":[\"https:\/\/grupodt.es\/dtcarspro\/loginregister\/\"]}]},{\"@type\":\"BreadcrumbList\",\"@id\":\"https:\/\/grupodt.es\/dtcarspro\/loginregister\/#breadcrumb\",\"itemListElement\":[{\"@type\":\"ListItem\",\"position\":1,\"name\":\"Portada\",\"item\":\"https:\/\/grupodt.es\/dtcarspro\/\"},{\"@type\":\"ListItem\",\"position\":2,\"name\":\"Login\/Register\"}]},{\"@type\":\"WebSite\",\"@id\":\"https:\/\/grupodt.es\/dtcarspro\/#website\",\"url\":\"https:\/\/grupodt.es\/dtcarspro\/\",\"name\":\"Compraventa de veh\u00edculos DTCarsPro\",\"description\":\"Web de compra y venta de veh\u00edculos de ocasi\u00f3n\",\"publisher\":{\"@id\":\"https:\/\/grupodt.es\/dtcarspro\/#organization\"},\"potentialAction\":[{\"@type\":\"SearchAction\",\"target\":{\"@type\":\"EntryPoint\",\"urlTemplate\":\"https:\/\/grupodt.es\/dtcarspro\/?s={search_term_string}\"},\"query-input\":{\"@type\":\"PropertyValueSpecification\",\"valueRequired\":true,\"valueName\":\"search_term_string\"}}],\"inLanguage\":\"es\"},{\"@type\":\"Organization\",\"@id\":\"https:\/\/grupodt.es\/dtcarspro\/#organization\",\"name\":\"Compraventa de veh\u00edculos DTCarsPro\",\"url\":\"https:\/\/grupodt.es\/dtcarspro\/\",\"logo\":{\"@type\":\"ImageObject\",\"inLanguage\":\"es\",\"@id\":\"https:\/\/grupodt.es\/dtcarspro\/#\/schema\/logo\/image\/\",\"url\":\"https:\/\/grupodt.es\/dtcarspro\/wp-content\/uploads\/sites\/4\/2024\/04\/Logo-DTCARPRO-horizontal-peq.jpg\",\"contentUrl\":\"https:\/\/grupodt.es\/dtcarspro\/wp-content\/uploads\/sites\/4\/2024\/04\/Logo-DTCARPRO-horizontal-peq.jpg\",\"width\":718,\"height\":229,\"caption\":\"Compraventa de veh\u00edculos DTCarsPro\"},\"image\":{\"@id\":\"https:\/\/grupodt.es\/dtcarspro\/#\/schema\/logo\/image\/\"}}]}<\/script>\n<!-- \/ Yoast SEO plugin. -->","yoast_head_json":{"title":"Login\/Register - Compraventa de veh\u00edculos DTCarsPro","robots":{"index":"index","follow":"follow","max-snippet":"max-snippet:-1","max-image-preview":"max-image-preview:large","max-video-preview":"max-video-preview:-1"},"canonical":"https:\/\/grupodt.es\/dtcarspro\/loginregister\/","og_locale":"es_ES","og_type":"article","og_title":"Login\/Register - Compraventa de veh\u00edculos DTCarsPro","og_description":"Sign In Login or E-mail Password Remember me Forgot Password Login or E-mail Sign Up First Name Last Name Phone number I have a WhatsApp account with this number Email * Login * Password * I accept the terms of the service","og_url":"https:\/\/grupodt.es\/dtcarspro\/loginregister\/","og_site_name":"Compraventa de veh\u00edculos DTCarsPro","twitter_card":"summary_large_image","schema":{"@context":"https:\/\/schema.org","@graph":[{"@type":"WebPage","@id":"https:\/\/grupodt.es\/dtcarspro\/loginregister\/","url":"https:\/\/grupodt.es\/dtcarspro\/loginregister\/","name":"Login\/Register - Compraventa de veh\u00edculos DTCarsPro","isPartOf":{"@id":"https:\/\/grupodt.es\/dtcarspro\/#website"},"datePublished":"2016-03-12T05:45:22+00:00","breadcrumb":{"@id":"https:\/\/grupodt.es\/dtcarspro\/loginregister\/#breadcrumb"},"inLanguage":"es","potentialAction":[{"@type":"ReadAction","target":["https:\/\/grupodt.es\/dtcarspro\/loginregister\/"]}]},{"@type":"BreadcrumbList","@id":"https:\/\/grupodt.es\/dtcarspro\/loginregister\/#breadcrumb","itemListElement":[{"@type":"ListItem","position":1,"name":"Portada","item":"https:\/\/grupodt.es\/dtcarspro\/"},{"@type":"ListItem","position":2,"name":"Login\/Register"}]},{"@type":"WebSite","@id":"https:\/\/grupodt.es\/dtcarspro\/#website","url":"https:\/\/grupodt.es\/dtcarspro\/","name":"Compraventa de veh\u00edculos DTCarsPro","description":"Web de compra y venta de veh\u00edculos de ocasi\u00f3n","publisher":{"@id":"https:\/\/grupodt.es\/dtcarspro\/#organization"},"potentialAction":[{"@type":"SearchAction","target":{"@type":"EntryPoint","urlTemplate":"https:\/\/grupodt.es\/dtcarspro\/?s={search_term_string}"},"query-input":{"@type":"PropertyValueSpecification","valueRequired":true,"valueName":"search_term_string"}}],"inLanguage":"es"},{"@type":"Organization","@id":"https:\/\/grupodt.es\/dtcarspro\/#organization","name":"Compraventa de veh\u00edculos DTCarsPro","url":"https:\/\/grupodt.es\/dtcarspro\/","logo":{"@type":"ImageObject","inLanguage":"es","@id":"https:\/\/grupodt.es\/dtcarspro\/#\/schema\/logo\/image\/","url":"https:\/\/grupodt.es\/dtcarspro\/wp-content\/uploads\/sites\/4\/2024\/04\/Logo-DTCARPRO-horizontal-peq.jpg","contentUrl":"https:\/\/grupodt.es\/dtcarspro\/wp-content\/uploads\/sites\/4\/2024\/04\/Logo-DTCARPRO-horizontal-peq.jpg","width":718,"height":229,"caption":"Compraventa de veh\u00edculos DTCarsPro"},"image":{"@id":"https:\/\/grupodt.es\/dtcarspro\/#\/schema\/logo\/image\/"}}]}},"_links":{"self":[{"href":"https:\/\/grupodt.es\/dtcarspro\/wp-json\/wp\/v2\/pages\/1718","targetHints":{"allow":["GET"]}}],"collection":[{"href":"https:\/\/grupodt.es\/dtcarspro\/wp-json\/wp\/v2\/pages"}],"about":[{"href":"https:\/\/grupodt.es\/dtcarspro\/wp-json\/wp\/v2\/types\/page"}],"author":[{"embeddable":true,"href":"https:\/\/grupodt.es\/dtcarspro\/wp-json\/wp\/v2\/users\/4"}],"replies":[{"embeddable":true,"href":"https:\/\/grupodt.es\/dtcarspro\/wp-json\/wp\/v2\/comments?post=1718"}],"version-history":[{"count":0,"href":"https:\/\/grupodt.es\/dtcarspro\/wp-json\/wp\/v2\/pages\/1718\/revisions"}],"wp:attachment":[{"href":"https:\/\/grupodt.es\/dtcarspro\/wp-json\/wp\/v2\/media?parent=1718"}],"curies":[{"name":"wp","href":"https:\/\/api.w.org\/{rel}","templated":true}]}}